{"id":25,"date":"2025-06-05T07:57:54","date_gmt":"2025-06-05T07:57:54","guid":{"rendered":"https:\/\/live.21lab.co\/eits\/?page_id=25"},"modified":"2026-05-05T15:54:21","modified_gmt":"2026-05-05T21:54:21","slug":"contacto","status":"publish","type":"page","link":"https:\/\/lukabcstudio.com\/en\/contacto\/","title":{"rendered":"Contacto"},"content":{"rendered":"<div data-elementor-type=\"wp-page\" data-elementor-id=\"25\" class=\"elementor elementor-25\" data-elementor-post-type=\"page\">\n\t\t\t\t<div class=\"elementor-element elementor-element-05f6950 bgPrimary e-flex e-con-boxed e-con e-parent\" data-id=\"05f6950\" data-element_type=\"container\" data-e-type=\"container\" data-settings=\"{&quot;background_background&quot;:&quot;classic&quot;}\">\n\t\t\t\t\t<div class=\"e-con-inner\">\n\t\t<div class=\"elementor-element elementor-element-06b93c3 e-con-full e-flex e-con e-child\" data-id=\"06b93c3\" data-element_type=\"container\" data-e-type=\"container\">\n\t\t<div class=\"elementor-element elementor-element-371f685 e-con-full e-flex e-con e-child\" data-id=\"371f685\" data-element_type=\"container\" data-e-type=\"container\">\n\t\t\t\t<div class=\"elementor-element elementor-element-f342b38 elementor-widget elementor-widget-heading\" data-id=\"f342b38\" data-element_type=\"widget\" data-e-type=\"widget\" data-widget_type=\"heading.default\">\n\t\t\t\t\t<h2 class=\"elementor-heading-title elementor-size-default\">contacto directo<\/h2>\t\t\t\t<\/div>\n\t\t\t\t<\/div>\n\t\t<div class=\"elementor-element elementor-element-817cbc8 e-con-full e-flex e-con e-child\" data-id=\"817cbc8\" data-element_type=\"container\" data-e-type=\"container\">\n\t\t\t\t<div class=\"elementor-element elementor-element-87d397e elementor-widget elementor-widget-heading\" data-id=\"87d397e\" data-element_type=\"widget\" data-e-type=\"widget\" data-widget_type=\"heading.default\">\n\t\t\t\t\t<h2 class=\"elementor-heading-title elementor-size-default\">llena el formualario y empieza hoy mismo<\/h2>\t\t\t\t<\/div>\n\t\t\t\t<\/div>\n\t\t\t\t<\/div>\n\t\t\t\t\t<\/div>\n\t\t\t\t<\/div>\n\t\t<div class=\"elementor-element elementor-element-2b7589b e-flex e-con-boxed e-con e-parent\" data-id=\"2b7589b\" data-element_type=\"container\" data-e-type=\"container\" data-settings=\"{&quot;background_background&quot;:&quot;classic&quot;}\">\n\t\t\t\t\t<div class=\"e-con-inner\">\n\t\t<div class=\"elementor-element elementor-element-428f5fd e-con-full e-flex e-con e-child\" data-id=\"428f5fd\" data-element_type=\"container\" data-e-type=\"container\" data-settings=\"{&quot;background_background&quot;:&quot;classic&quot;}\">\n\t\t\t\t<div class=\"elementor-element elementor-element-f1b5455 elementor-absolute elementor-hidden-mobile elementor-widget elementor-widget-image\" data-id=\"f1b5455\" data-element_type=\"widget\" data-e-type=\"widget\" data-settings=\"{&quot;_position&quot;:&quot;absolute&quot;}\" data-widget_type=\"image.default\">\n\t\t\t\t\t\t\t\t\t\t\t\t\t\t\t<img fetchpriority=\"high\" decoding=\"async\" width=\"600\" height=\"524\" src=\"https:\/\/lukabcstudio.com\/wp-content\/uploads\/2026\/05\/computuadora-1.png\" class=\"attachment-large size-large wp-image-1967\" alt=\"\" srcset=\"https:\/\/lukabcstudio.com\/wp-content\/uploads\/2026\/05\/computuadora-1.png 600w, https:\/\/lukabcstudio.com\/wp-content\/uploads\/2026\/05\/computuadora-1-300x262.png 300w, https:\/\/lukabcstudio.com\/wp-content\/uploads\/2026\/05\/computuadora-1-14x12.png 14w\" sizes=\"(max-width: 600px) 100vw, 600px\" \/>\t\t\t\t\t\t\t\t\t\t\t\t\t\t\t<\/div>\n\t\t<div class=\"elementor-element elementor-element-5c3a79c e-con-full elementor-hidden-tablet elementor-hidden-mobile e-flex e-con e-child\" data-id=\"5c3a79c\" data-element_type=\"container\" data-e-type=\"container\">\n\t\t\t\t<\/div>\n\t\t<div class=\"elementor-element elementor-element-0f33675 e-con-full e-flex e-con e-child\" data-id=\"0f33675\" data-element_type=\"container\" data-e-type=\"container\">\n\t\t\t\t<div class=\"elementor-element elementor-element-d35c2b0 pp-contact-form-7-button-custom elementor-widget elementor-widget-pp-contact-form-7\" data-id=\"d35c2b0\" data-element_type=\"widget\" data-e-type=\"widget\" data-widget_type=\"pp-contact-form-7.default\">\n\t\t\t\t\t\t\t\t\t<div class=\"pp-contact-form pp-contact-form-7 placeholder-show\">\n\t\t\t\t\t\t\t\t\t\t\n<div class=\"wpcf7 no-js\" id=\"wpcf7-f355-p25-o1\" lang=\"en-US\" dir=\"ltr\" data-wpcf7-id=\"355\">\n<div class=\"screen-reader-response\"><p role=\"status\" aria-live=\"polite\" aria-atomic=\"true\"><\/p> <ul><\/ul><\/div>\n<form action=\"\/en\/contacto\/#wpcf7-f355-p25-o1\" method=\"post\" class=\"wpcf7-form init\" aria-label=\"Contact form\" novalidate=\"novalidate\" data-status=\"init\" data-no-translation-aria-label=\"\" data-trp-original-action=\"\/en\/contacto\/#wpcf7-f355-p25-o1\">\n<fieldset class=\"hidden-fields-container\"><input type=\"hidden\" name=\"_wpcf7\" value=\"355\" \/><input type=\"hidden\" name=\"_wpcf7_version\" value=\"6.1.5\" \/><input type=\"hidden\" name=\"_wpcf7_locale\" value=\"en_US\" \/><input type=\"hidden\" name=\"_wpcf7_unit_tag\" value=\"wpcf7-f355-p25-o1\" \/><input type=\"hidden\" name=\"_wpcf7_container_post\" value=\"25\" \/><input type=\"hidden\" name=\"_wpcf7_posted_data_hash\" value=\"\" \/>\n<\/fieldset>\n<div class=\"contactBox\">\n\t<div class=\"form-row ui-dropdown\">\n\t\t<p><label>Soy un<\/label><br \/>\n<span class=\"wpcf7-form-control-wrap\" data-name=\"menu-159\"><select class=\"wpcf7-form-control wpcf7-select wpcf7-validates-as-required\" aria-required=\"true\" aria-invalid=\"false\" name=\"menu-159\"><option value=\"Emprendedor\">Emprendedor<\/option><option value=\"Empresa \/ PyME\">Empresa \/ PyME<\/option><option value=\"Marca en crecimiento\">Marca en crecimiento<\/option><option value=\"Agencia \/ Colaborador\">Agencia \/ Colaborador<\/option><option value=\"...\">...<\/option><\/select><\/span>\n\t\t<\/p>\n\t<\/div>\n\t<div class=\"form-row ui-dropdown\">\n\t\t<p><label>Busco<\/label><br \/>\n<span class=\"wpcf7-form-control-wrap\" data-name=\"menu-29\"><select class=\"wpcf7-form-control wpcf7-select wpcf7-validates-as-required\" aria-required=\"true\" aria-invalid=\"false\" name=\"menu-29\"><option value=\"Branding \/ Identidad visual\">Branding \/ Identidad visual<\/option><option value=\"Dise\u00f1o gr\u00e1fico\">Dise\u00f1o gr\u00e1fico<\/option><option value=\"Desarrollo web\">Desarrollo web<\/option><option value=\"Rebranding\">Rebranding<\/option><option value=\"Consultor\u00eda estrat\u00e9gica\">Consultor\u00eda estrat\u00e9gica<\/option><option value=\"Otro\">Otro<\/option><\/select><\/span>\n\t\t<\/p>\n\t<\/div>\n<\/div>\n<div class=\"form-row ui-dropdown\">\n\t<p><label>Presupuesto<\/label><br \/>\n<span class=\"wpcf7-form-control-wrap\" data-name=\"menu-29\"><select class=\"wpcf7-form-control wpcf7-select wpcf7-validates-as-required\" aria-required=\"true\" aria-invalid=\"false\" name=\"menu-29\"><option value=\"$1,000 \u2013 $5,000 MXN\">$1,000 \u2013 $5,000 MXN<\/option><option value=\"$6,000 \u2013 $10,000 MXN\">$6,000 \u2013 $10,000 MXN<\/option><option value=\"+$10,000 MXN\">+$10,000 MXN<\/option><option value=\"Prefiero definirlo en consultor\u00eda\">Prefiero definirlo en consultor\u00eda<\/option><\/select><\/span>\n\t<\/p>\n<\/div>\n<div class=\"contactBox\">\n\t<div class=\"form-row ui-grid\">\n\t\t<div class=\"field\">\n\t\t\t<p><label>Tu nombre *<\/label><span class=\"wpcf7-form-control-wrap\" data-name=\"text-454\"><input size=\"40\" maxlength=\"400\" class=\"wpcf7-form-control wpcf7-text wpcf7-validates-as-required\" aria-required=\"true\" aria-invalid=\"false\" placeholder=\"Eg: Juan P\u00e9rez *\" value=\"\" type=\"text\" name=\"text-454\" \/><\/span>\n\t\t\t<\/p>\n\t\t<\/div>\n\t\t<div class=\"field\">\n\t\t\t<p><label>Tu correo *<\/label><span class=\"wpcf7-form-control-wrap\" data-name=\"email-428\"><input size=\"40\" maxlength=\"400\" class=\"wpcf7-form-control wpcf7-email wpcf7-validates-as-required wpcf7-text wpcf7-validates-as-email\" aria-required=\"true\" aria-invalid=\"false\" placeholder=\"Eg: juan@lukabcstudio.com *\" value=\"\" type=\"email\" name=\"email-428\" \/><\/span>\n\t\t\t<\/p>\n\t\t<\/div>\n\t<\/div>\n\t<div class=\"form-row\">\n\t\t<p><label>Mensaje<\/label><span class=\"wpcf7-form-control-wrap\" data-name=\"textarea-442\"><textarea cols=\"40\" rows=\"10\" maxlength=\"2000\" class=\"wpcf7-form-control wpcf7-textarea\" aria-invalid=\"false\" placeholder=\"Describe brevemente tu proyecto, objetivos y tiempos...\" name=\"textarea-442\"><\/textarea><\/span>\n\t\t<\/p>\n\t<\/div>\n\t<div class=\"form-row ui-btn\">\n\t\t<p><input class=\"wpcf7-form-control wpcf7-submit has-spinner\" type=\"submit\" value=\"Enviar mensaje\" \/>\n\t\t<\/p>\n\t<\/div>\n<\/div><div class=\"wpcf7-response-output\" aria-hidden=\"true\"><\/div>\n<input type=\"hidden\" name=\"trp-form-language\" value=\"en\"\/><\/form>\n<\/div>\n\t\t\t\t<\/div>\n\t\t\t\t\t\t\t\t<\/div>\n\t\t\t\t<\/div>\n\t\t\t\t<\/div>\n\t\t<div class=\"elementor-element elementor-element-3c13970 e-grid e-con-full elementor-hidden-desktop elementor-hidden-tablet elementor-hidden-mobile e-con e-child\" data-id=\"3c13970\" data-element_type=\"container\" data-e-type=\"container\">\n\t\t\t\t<div class=\"elementor-element elementor-element-fdaed98 elementor-widget__width-initial elementor-widget-tablet__width-inherit elementor-widget elementor-widget-text-editor\" data-id=\"fdaed98\" data-element_type=\"widget\" data-e-type=\"widget\" data-widget_type=\"text-editor.default\">\n\t\t\t\t\t\t\t\t\t<p>Do your employees lose productivity because of IT? We reduces issues that interfere with the achievement of your goals.<\/p>\t\t\t\t\t\t\t\t<\/div>\n\t\t\t\t<div class=\"elementor-element elementor-element-9a30e4b pp-buttons-halign-stretch pp-buttons-stack-none elementor-widget elementor-widget-pp-buttons\" data-id=\"9a30e4b\" data-element_type=\"widget\" data-e-type=\"widget\" data-widget_type=\"pp-buttons.default\">\n\t\t\t\t\t\t\t<div class=\"pp-buttons-group\">\n\t\t\t\t\t\t\t\t\t\t\t<a href=\"https:\/\/live.21lab.co\/eits\/services\/\" class=\"pp-button elementor-button elementor-size-md elementor-repeater-item-53f3674\">\n\t\t\t\t\t<div class=\"pp-button-content-wrapper\">\n\t\t\t\t\t\t<span class=\"pp-button-content-inner pp-icon-after\">\n\t\t\t\t\t\t\t\n\t\t\t\t\t\t\t\t<span class=\"pp-button-title\">\n\t\t\t\t\t\t\t\t\tBrief de marca\t\t\t\t\t\t\t\t<\/span>\n\t\t\t\t\t\t\t\t\t\t\t\t\t<\/span>\n\t\t\t\t\t<\/div>\n\t\t\t\t<\/a>\n\t\t\t\t\t\t\t\t\t\t\t\t\t\t\t\t<a href=\"https:\/\/live.21lab.co\/eits\/case-studies\/\" class=\"pp-button elementor-button elementor-size-md elementor-repeater-item-93ff230\">\n\t\t\t\t\t<div class=\"pp-button-content-wrapper\">\n\t\t\t\t\t\t<span class=\"pp-button-content-inner pp-icon-after\">\n\t\t\t\t\t\t\t\n\t\t\t\t\t\t\t\t<span class=\"pp-button-title\">\n\t\t\t\t\t\t\t\t\tB\t\t\t\t\t\t\t\t<\/span>\n\t\t\t\t\t\t\t\t\t\t\t\t\t<\/span>\n\t\t\t\t\t<\/div>\n\t\t\t\t<\/a>\n\t\t\t\t\t\t\t\t\t\t<\/div>\t\t\t\t<\/div>\n\t\t\t\t<\/div>\n\t\t\t\t\t<\/div>\n\t\t\t\t<\/div>\n\t\t\t\t<\/div>","protected":false},"excerpt":{"rendered":"<p>contacto directo llena el formualario y empieza hoy mismo Soy un EmprendedorEmpresa \/ PyMEMarca en crecimientoAgencia \/ Colaborador&#8230; Busco Branding \/ Identidad visualDise\u00f1o gr\u00e1ficoDesarrollo webRebrandingConsultor\u00eda estrat\u00e9gicaOtro Presupuesto $1,000 \u2013 $5,000 MXN$6,000 \u2013 $10,000 MXN+$10,000 MXNPrefiero definirlo en consultor\u00eda Tu nombre * Tu correo * Mensaje Do your employees lose productivity because of IT? We reduces [&hellip;]<\/p>\n","protected":false},"author":1,"featured_media":0,"parent":0,"menu_order":0,"comment_status":"closed","ping_status":"closed","template":"tmpl\/template-fullwidth.php","meta":{"_acf_changed":false,"inline_featured_image":false,"footnotes":""},"class_list":["post-25","page","type-page","status-publish","hentry"],"acf":[],"aioseo_notices":[],"_hostinger_reach_plugin_has_subscription_block":false,"_hostinger_reach_plugin_is_elementor":false,"_links":{"self":[{"href":"https:\/\/lukabcstudio.com\/en\/wp-json\/wp\/v2\/pages\/25","targetHints":{"allow":["GET"]}}],"collection":[{"href":"https:\/\/lukabcstudio.com\/en\/wp-json\/wp\/v2\/pages"}],"about":[{"href":"https:\/\/lukabcstudio.com\/en\/wp-json\/wp\/v2\/types\/page"}],"author":[{"embeddable":true,"href":"https:\/\/lukabcstudio.com\/en\/wp-json\/wp\/v2\/users\/1"}],"replies":[{"embeddable":true,"href":"https:\/\/lukabcstudio.com\/en\/wp-json\/wp\/v2\/comments?post=25"}],"version-history":[{"count":53,"href":"https:\/\/lukabcstudio.com\/en\/wp-json\/wp\/v2\/pages\/25\/revisions"}],"predecessor-version":[{"id":1991,"href":"https:\/\/lukabcstudio.com\/en\/wp-json\/wp\/v2\/pages\/25\/revisions\/1991"}],"wp:attachment":[{"href":"https:\/\/lukabcstudio.com\/en\/wp-json\/wp\/v2\/media?parent=25"}],"curies":[{"name":"wp","href":"https:\/\/api.w.org\/{rel}","templated":true}]}}